{"id":113,"date":"2020-05-15T14:11:57","date_gmt":"2020-05-15T12:11:57","guid":{"rendered":"http:\/\/happypixel.be\/?page_id=113"},"modified":"2020-11-02T09:40:01","modified_gmt":"2020-11-02T08:40:01","slug":"biographie","status":"publish","type":"page","link":"https:\/\/happypixel.be\/index.php\/biographie\/","title":{"rendered":"Biographie"},"content":{"rendered":"\n<p class=\"has-black-color has-text-color has-normal-font-size\">Bonjour \u00e0 toutes et \u00e0 tous o\u1d17o<br>Je m\u2019appelle Fr\u00e9d\u00e9ric je suis designer graphique.<br>Des \u00e9tudes artistiques et une formation d\u2019\u00e9tudes sup\u00e9rieure dans le milieu du num\u00e9rique m\u2019ont finalement amen\u00e9 dans le monde du web.<br>Milieu dans lequel je suis rentr\u00e9 et rest\u00e9 depuis l\u2019an 2000. Vingt ann\u00e9es ou j\u2019ai pu voir et profiter de l\u2019\u00e9volution du WWW.<\/p>\n\n\n\n<figure class=\"wp-block-image size-large\"><img loading=\"lazy\" decoding=\"async\" width=\"1024\" height=\"1024\" src=\"http:\/\/happypixel.be\/wp-content\/uploads\/2020\/10\/13055128_10154249514118755_7284494950202940460_o-1024x1024.jpg\" alt=\"\" class=\"wp-image-288\" srcset=\"https:\/\/happypixel.be\/wp-content\/uploads\/2020\/10\/13055128_10154249514118755_7284494950202940460_o-1024x1024.jpg 1024w, https:\/\/happypixel.be\/wp-content\/uploads\/2020\/10\/13055128_10154249514118755_7284494950202940460_o-300x300.jpg 300w, https:\/\/happypixel.be\/wp-content\/uploads\/2020\/10\/13055128_10154249514118755_7284494950202940460_o-150x150.jpg 150w, https:\/\/happypixel.be\/wp-content\/uploads\/2020\/10\/13055128_10154249514118755_7284494950202940460_o-768x768.jpg 768w, https:\/\/happypixel.be\/wp-content\/uploads\/2020\/10\/13055128_10154249514118755_7284494950202940460_o-116x116.jpg 116w, https:\/\/happypixel.be\/wp-content\/uploads\/2020\/10\/13055128_10154249514118755_7284494950202940460_o.jpg 1080w\" sizes=\"(max-width: 1024px) 100vw, 1024px\" \/><\/figure>\n\n\n\n<p class=\"has-black-color has-text-color has-normal-font-size\">Dans le web comme partout ailleurs le design est pr\u00e9sent. Souvent sous estim\u00e9, il fait pourtant partie des bases de l\u2019identit\u00e9 d&rsquo;une entreprise, ou de n&rsquo;importe quelle autre secteur d&rsquo;activit\u00e9.<\/p>\n\n\n\n<p class=\"has-very-dark-gray-color has-text-color has-normal-font-size\"><strong>L\u2019identit\u00e9 visuelle de votre marque doit r\u00e9v\u00e9ler sa vraie nature et  ancrer ses valeurs pour pouvoir se d\u00e9velopper de mani\u00e8re autonome.<\/strong><br>On ne parle pas seulement d&rsquo;un logo, mais aussi d&rsquo;une typo, de couleurs, de tone of voice,&#8230;<br><br>Pour d\u00e9velopper une identit\u00e9, il faut \u00e9valuer le projet, ses contraintes, ses facilit\u00e9s mais aussi et surtout conna\u00eetre son client.<br>Tout cela se fait en communiquant, en \u00e9coutant et en construisant une relation de confiance.<br>J&rsquo;essaie de proposer des solutions innovantes et&nbsp;cr\u00e9atives afin de d\u00e9velopper une identit\u00e9 &nbsp;visuelle qui mettra en avant les valeurs et les ambitions de votre marque. <br><strong>Logo, Web, App, Print<\/strong><\/p>\n\n\n\n<p class=\"has-black-color has-text-color has-normal-font-size\">J&rsquo;aime le travail d&rsquo;\u00e9quipe, je suis innovant, flexible et toujours pr\u00eat \u00e0 apprendre de nouvelles choses!<br>J&rsquo;aime aussi le caf\u00e9, le th\u00e9 mais aussi les bi\u00e8res et le vin, c&rsquo;est avec plaisir qu&rsquo;on peut partager un verre et discuter un peu de ce que nous pourrions faire ensemble. Je suis pr\u00eat \u00e0 m&rsquo;investir \u00e0 200% pour d\u00e9velopper votre entreprise.<\/p>\n","protected":false},"excerpt":{"rendered":"<p>Bonjour \u00e0 toutes et \u00e0 tous o\u1d17oJe m\u2019appelle Fr\u00e9d\u00e9ric je suis designer graphique.Des \u00e9tudes artistiques et une formation d\u2019\u00e9tudes sup\u00e9rieure dans le milieu du num\u00e9rique m\u2019ont finalement amen\u00e9 dans le monde du web.Milieu dans lequel je suis rentr\u00e9 et rest\u00e9 depuis l\u2019an 2000. Vingt ann\u00e9es ou j\u2019ai pu voir et profiter de l\u2019\u00e9volution du WWW.<\/p>\n<div><a class=\"btn-filled btn\" href=\"https:\/\/happypixel.be\/index.php\/biographie\/\" title=\"Biographie\">Lire la suite<\/a><\/div>\n","protected":false},"author":1,"featured_media":0,"parent":0,"menu_order":0,"comment_status":"closed","ping_status":"closed","template":"","meta":{"footnotes":""},"jetpack_sharing_enabled":true,"_links":{"self":[{"href":"https:\/\/happypixel.be\/index.php\/wp-json\/wp\/v2\/pages\/113"}],"collection":[{"href":"https:\/\/happypixel.be\/index.php\/wp-json\/wp\/v2\/pages"}],"about":[{"href":"https:\/\/happypixel.be\/index.php\/wp-json\/wp\/v2\/types\/page"}],"author":[{"embeddable":true,"href":"https:\/\/happypixel.be\/index.php\/wp-json\/wp\/v2\/users\/1"}],"replies":[{"embeddable":true,"href":"https:\/\/happypixel.be\/index.php\/wp-json\/wp\/v2\/comments?post=113"}],"version-history":[{"count":25,"href":"https:\/\/happypixel.be\/index.php\/wp-json\/wp\/v2\/pages\/113\/revisions"}],"predecessor-version":[{"id":358,"href":"https:\/\/happypixel.be\/index.php\/wp-json\/wp\/v2\/pages\/113\/revisions\/358"}],"wp:attachment":[{"href":"https:\/\/happypixel.be\/index.php\/wp-json\/wp\/v2\/media?parent=113"}],"curies":[{"name":"wp","href":"https:\/\/api.w.org\/{rel}","templated":true}]}}